{"id":272,"date":"2020-10-29T04:05:23","date_gmt":"2020-10-29T04:05:23","guid":{"rendered":"https:\/\/wodapp.co\/?page_id=272"},"modified":"2020-10-29T04:07:40","modified_gmt":"2020-10-29T04:07:40","slug":"blog","status":"publish","type":"page","link":"https:\/\/wodapp.co\/index.php\/blog\/","title":{"rendered":"Blog"},"content":{"rendered":"\t\t<div data-elementor-type=\"wp-page\" data-elementor-id=\"272\" class=\"elementor elementor-272\" data-elementor-settings=\"[]\">\n\t\t\t\t\t\t<div class=\"elementor-inner\">\n\t\t\t\t\t\t\t<div class=\"elementor-section-wrap\">\n\t\t\t\t\t\t\t<section class=\"elementor-section elementor-top-section elementor-element elementor-element-c56fc95 elementor-section-boxed elementor-section-height-default elementor-section-height-default parallax_section_no qode_elementor_container_no\" data-id=\"c56fc95\" data-element_type=\"section\">\n\t\t\t\t\t\t<div class=\"elementor-container elementor-column-gap-default\">\n\t\t\t\t\t\t\t<div class=\"elementor-row\">\n\t\t\t\t\t<div class=\"elementor-column elementor-col-100 elementor-top-column elementor-element elementor-element-2b3d275\" data-id=\"2b3d275\" data-element_type=\"column\">\n\t\t\t<div class=\"elementor-column-wrap elementor-element-populated\">\n\t\t\t\t\t\t\t<div class=\"elementor-widget-wrap\">\n\t\t\t\t\t\t<div class=\"elementor-element elementor-element-4e00c94 elementor-widget elementor-widget-bridge_latest_posts_two\" data-id=\"4e00c94\" data-element_type=\"widget\" data-widget_type=\"bridge_latest_posts_two.default\">\n\t\t\t\t<div class=\"elementor-widget-container\">\n\t\t\t<div class='latest_post_two_holder three_columns'><ul><li class=\"clearfix\"><div class=\"latest_post_two_image\"><a itemprop=\"url\" href=\"https:\/\/wodapp.co\/index.php\/2020\/10\/29\/banco-ejercicios-wodapp\/\"><img width=\"1080\" height=\"1080\" src=\"https:\/\/wodapp.co\/wp-content\/uploads\/2020\/10\/10-08.png\" class=\"attachment-full size-full wp-post-image\" alt=\"ejercicios wodapp\" loading=\"lazy\" \/><\/a><\/div><div class=\"latest_post_two_inner\" ><div class=\"latest_post_two_text\"><h2 itemprop=\"name\" class=\"latest_post_two_title entry_title\"><a itemprop=\"url\" href=\"https:\/\/wodapp.co\/index.php\/2020\/10\/29\/banco-ejercicios-wodapp\/\" >Banco ejercicios wodapp<\/a><\/h2><div class=\"separator small left \" ><\/div><p itemprop=\"description\" class=\"latest_post_two_excerpt\" ><\/p><\/div><div class=\"latest_post_two_info\" ><div class=\"latest_post_two_info_inner\" ><div class=\"post_info_author\"><img alt='Author Image' src='https:\/\/secure.gravatar.com\/avatar\/4ec750e8e91b101f4faae53bf290057b?s=30&#038;d=mm&#038;r=g' srcset='https:\/\/secure.gravatar.com\/avatar\/4ec750e8e91b101f4faae53bf290057b?s=60&#038;d=mm&#038;r=g 2x' class='avatar avatar-30 photo' height='30' width='30' loading='lazy'\/><span class=\"post_info_author_name\">wodapp<\/span><\/div><div itemprop=\"dateCreated\" class=\"post_info_date entry_date updated\">29 October, 2020<meta itemprop=\"interactionCount\" content=\"UserComments: <?php echo get_comments_number(qode_get_page_id()); ?>\"\/><\/div><\/div><\/div><\/div><\/li><li class=\"clearfix\"><div class=\"latest_post_two_image\"><a itemprop=\"url\" href=\"https:\/\/wodapp.co\/index.php\/2020\/10\/29\/push-ups\/\"><img width=\"1080\" height=\"1080\" src=\"https:\/\/wodapp.co\/wp-content\/uploads\/2020\/10\/blog2.jpg\" class=\"attachment-full size-full wp-post-image\" alt=\"push ups\" loading=\"lazy\" \/><\/a><\/div><div class=\"latest_post_two_inner\" ><div class=\"latest_post_two_text\"><h2 itemprop=\"name\" class=\"latest_post_two_title entry_title\"><a itemprop=\"url\" href=\"https:\/\/wodapp.co\/index.php\/2020\/10\/29\/push-ups\/\" >Push ups<\/a><\/h2><div class=\"separator small left \" ><\/div><p itemprop=\"description\" class=\"latest_post_two_excerpt\" ><\/p><\/div><div class=\"latest_post_two_info\" ><div class=\"latest_post_two_info_inner\" ><div class=\"post_info_author\"><img alt='Author Image' src='https:\/\/secure.gravatar.com\/avatar\/4ec750e8e91b101f4faae53bf290057b?s=30&#038;d=mm&#038;r=g' srcset='https:\/\/secure.gravatar.com\/avatar\/4ec750e8e91b101f4faae53bf290057b?s=60&#038;d=mm&#038;r=g 2x' class='avatar avatar-30 photo' height='30' width='30' loading='lazy'\/><span class=\"post_info_author_name\">wodapp<\/span><\/div><div itemprop=\"dateCreated\" class=\"post_info_date entry_date updated\">29 October, 2020<meta itemprop=\"interactionCount\" content=\"UserComments: <?php echo get_comments_number(qode_get_page_id()); ?>\"\/><\/div><\/div><\/div><\/div><\/li><li class=\"clearfix\"><div class=\"latest_post_two_image\"><a itemprop=\"url\" href=\"https:\/\/wodapp.co\/index.php\/2020\/10\/29\/que-es-un-wod\/\"><img width=\"1080\" height=\"1080\" src=\"https:\/\/wodapp.co\/wp-content\/uploads\/2020\/10\/blog.jpg\" class=\"attachment-full size-full wp-post-image\" alt=\"blog\" loading=\"lazy\" \/><\/a><\/div><div class=\"latest_post_two_inner\" ><div class=\"latest_post_two_text\"><h2 itemprop=\"name\" class=\"latest_post_two_title entry_title\"><a itemprop=\"url\" href=\"https:\/\/wodapp.co\/index.php\/2020\/10\/29\/que-es-un-wod\/\" >\u00bfQu\u00e9 es un wod?<\/a><\/h2><div class=\"separator small left \" ><\/div><p itemprop=\"description\" class=\"latest_post_two_excerpt\" >Qu\u00e9 es un Wod (Workout en Crossfit) y C\u00f3mo se Entrena Queremos hablarte de un t\u00e9rmino que no parar\u00e1s de escuchar si prac<\/p><\/div><div class=\"latest_post_two_info\" ><div class=\"latest_post_two_info_inner\" ><div class=\"post_info_author\"><img alt='Author Image' src='https:\/\/secure.gravatar.com\/avatar\/4ec750e8e91b101f4faae53bf290057b?s=30&#038;d=mm&#038;r=g' srcset='https:\/\/secure.gravatar.com\/avatar\/4ec750e8e91b101f4faae53bf290057b?s=60&#038;d=mm&#038;r=g 2x' class='avatar avatar-30 photo' height='30' width='30' loading='lazy'\/><span class=\"post_info_author_name\">wodapp<\/span><\/div><div itemprop=\"dateCreated\" class=\"post_info_date entry_date updated\">29 October, 2020<meta itemprop=\"interactionCount\" content=\"UserComments: <?php echo get_comments_number(qode_get_page_id()); ?>\"\/><\/div><\/div><\/div><\/div><\/li><\/ul><\/div>\t\t<\/div>\n\t\t\t\t<\/div>\n\t\t\t\t\t\t<\/div>\n\t\t\t\t\t<\/div>\n\t\t<\/div>\n\t\t\t\t\t\t\t\t<\/div>\n\t\t\t\t\t<\/div>\n\t\t<\/section>\n\t\t\t\t\t\t<\/div>\n\t\t\t\t\t\t<\/div>\n\t\t\t\t\t<\/div>\n\t\t","protected":false},"excerpt":{"rendered":"<p>Banco ejercicios wodapp wodapp29 October, 2020<\/p>\n","protected":false},"author":1,"featured_media":0,"parent":0,"menu_order":0,"comment_status":"closed","ping_status":"closed","template":"full_width.php","meta":[],"_links":{"self":[{"href":"https:\/\/wodapp.co\/index.php\/wp-json\/wp\/v2\/pages\/272"}],"collection":[{"href":"https:\/\/wodapp.co\/index.php\/wp-json\/wp\/v2\/pages"}],"about":[{"href":"https:\/\/wodapp.co\/index.php\/wp-json\/wp\/v2\/types\/page"}],"author":[{"embeddable":true,"href":"https:\/\/wodapp.co\/index.php\/wp-json\/wp\/v2\/users\/1"}],"replies":[{"embeddable":true,"href":"https:\/\/wodapp.co\/index.php\/wp-json\/wp\/v2\/comments?post=272"}],"version-history":[{"count":2,"href":"https:\/\/wodapp.co\/index.php\/wp-json\/wp\/v2\/pages\/272\/revisions"}],"predecessor-version":[{"id":274,"href":"https:\/\/wodapp.co\/index.php\/wp-json\/wp\/v2\/pages\/272\/revisions\/274"}],"wp:attachment":[{"href":"https:\/\/wodapp.co\/index.php\/wp-json\/wp\/v2\/media?parent=272"}],"curies":[{"name":"wp","href":"https:\/\/api.w.org\/{rel}","templated":true}]}}